{"id":482,"date":"2021-12-10T09:16:07","date_gmt":"2021-12-10T08:16:07","guid":{"rendered":"https:\/\/demo.virtus.mk\/?page_id=482"},"modified":"2022-09-12T09:54:59","modified_gmt":"2022-09-12T07:54:59","slug":"rregullorja","status":"publish","type":"page","link":"https:\/\/brvenica.gov.mk\/al\/rregullorja\/","title":{"rendered":"Rregullorja"},"content":{"rendered":"\n<div id=\"wp-block-themeisle-blocks-advanced-columns-b57338de\" class=\"wp-block-themeisle-blocks-advanced-columns has-1-columns has-desktop-equal-layout has-tablet-equal-layout has-mobile-equal-layout has-vertical-unset has-default-gap\"><div class=\"wp-block-themeisle-blocks-advanced-columns-overlay\"><\/div><div class=\"innerblocks-wrap\">\n<div id=\"wp-block-themeisle-blocks-advanced-column-13b54994\" class=\"wp-block-themeisle-blocks-advanced-column\">\n<p>P\u00ebr organizimin, fush\u00ebveprimin dhe m\u00ebnyr\u00ebn e kryerjes s\u00eb detyrave t\u00eb administrat\u00ebs komunale t\u00eb komun\u00ebs s\u00eb B\u00ebrvenic\u00ebs<\/p>\n\n\n\n<p><a href=\"https:\/\/drive.google.com\/file\/d\/10Wx_9YK56UZlAHbkyDzELIrKLHFKB2ux\/view?usp=sharing\" target=\"_blank\" rel=\"noreferrer noopener\">Rregullorja e administrat\u00ebs<\/a><\/p>\n\n\n\n<p><\/p>\n<\/div>\n<\/div><\/div>\n","protected":false},"excerpt":{"rendered":"","protected":false},"author":2,"featured_media":0,"parent":0,"menu_order":0,"comment_status":"closed","ping_status":"closed","template":"","meta":{"neve_meta_sidebar":"","neve_meta_container":"","neve_meta_enable_content_width":"","neve_meta_content_width":0,"neve_meta_title_alignment":"","neve_meta_author_avatar":"","neve_post_elements_order":"","neve_meta_disable_header":"","neve_meta_disable_footer":"off","neve_meta_disable_title":"","_themeisle_gutenberg_block_has_review":false,"footnotes":""},"class_list":["post-482","page","type-page","status-publish","hentry"],"_links":{"self":[{"href":"https:\/\/brvenica.gov.mk\/al\/wp-json\/wp\/v2\/pages\/482","targetHints":{"allow":["GET"]}}],"collection":[{"href":"https:\/\/brvenica.gov.mk\/al\/wp-json\/wp\/v2\/pages"}],"about":[{"href":"https:\/\/brvenica.gov.mk\/al\/wp-json\/wp\/v2\/types\/page"}],"author":[{"embeddable":true,"href":"https:\/\/brvenica.gov.mk\/al\/wp-json\/wp\/v2\/users\/2"}],"replies":[{"embeddable":true,"href":"https:\/\/brvenica.gov.mk\/al\/wp-json\/wp\/v2\/comments?post=482"}],"version-history":[{"count":7,"href":"https:\/\/brvenica.gov.mk\/al\/wp-json\/wp\/v2\/pages\/482\/revisions"}],"predecessor-version":[{"id":1611,"href":"https:\/\/brvenica.gov.mk\/al\/wp-json\/wp\/v2\/pages\/482\/revisions\/1611"}],"wp:attachment":[{"href":"https:\/\/brvenica.gov.mk\/al\/wp-json\/wp\/v2\/media?parent=482"}],"curies":[{"name":"wp","href":"https:\/\/api.w.org\/{rel}","templated":true}]}}