{"id":671,"date":"2021-12-10T10:08:06","date_gmt":"2021-12-10T09:08:06","guid":{"rendered":"https:\/\/demo.virtus.mk\/?page_id=671"},"modified":"2025-12-26T22:11:03","modified_gmt":"2025-12-26T21:11:03","slug":"ambient-jetesor","status":"publish","type":"page","link":"https:\/\/brvenica.gov.mk\/al\/ambient-jetesor\/","title":{"rendered":"Ambienti Jet\u00ebsor"},"content":{"rendered":"\n<h2 class=\"wp-block-heading\" id=\"seksioni-per-mbrojtjen-e-ambientit-jetesor\">SEKSIONI P\u00cbR MBROJTJEN E AMBIENTIT JET\u00cbSOR<\/h2>\n\n\n\n<hr class=\"wp-block-separator has-css-opacity\"\/>\n\n\n\n<figure class=\"wp-block-table\"><table class=\"has-fixed-layout\"><thead><tr><th>Regjist\u00ebr i lejes B-ekologjike t\u00eb integruar<\/th><th>Regjist\u00ebr p\u00ebr miratimin e elaboratit p\u00ebr mbrojtjen e mjedisit<\/th><\/tr><\/thead><tbody><tr><td><a href=\"https:\/\/drive.google.com\/file\/d\/146CIPfBOEA2lQzIY5EXZGdXv1ABcVyTk\/view?usp=sharing\" data-type=\"link\" data-id=\"https:\/\/drive.google.com\/file\/d\/146CIPfBOEA2lQzIY5EXZGdXv1ABcVyTk\/view?usp=sharing\" target=\"_blank\" rel=\"noreferrer noopener\">Dokument<\/a><\/td><td><a href=\"https:\/\/drive.google.com\/file\/d\/1GEwj3Agk9WJjXAv6yne6iEG_TV2wtHgh\/view?usp=sharing\" data-type=\"link\" data-id=\"https:\/\/drive.google.com\/file\/d\/1GEwj3Agk9WJjXAv6yne6iEG_TV2wtHgh\/view?usp=sharing\" target=\"_blank\" rel=\"noreferrer noopener\">Dokument<\/a><\/td><\/tr><\/tbody><\/table><\/figure>\n\n\n\n<p class=\"has-medium-font-size\"><strong>Formulare<\/strong><\/p>\n\n\n\n<figure class=\"wp-block-table is-style-regular\"><table><tbody><tr><td>K\u00ebrkes\u00eb p\u00ebr miratimin e Elaboratit p\u00ebr mbrojtjen e<br>mjedisit jet\u00ebsor<\/td><td><a href=\"https:\/\/drive.google.com\/file\/d\/1-LlO14-Mtxvico7RWDj1Q_FmWWsGZk4S\/view?usp=sharing\" target=\"_blank\" rel=\"noreferrer noopener\">Dokument<\/a><\/td><\/tr><tr><td>K\u00ebrkes\u00eb p\u00ebr dh\u00ebnie leje mjedisi ekologjik t\u00eb<br>integruar B<\/td><td><a href=\"https:\/\/drive.google.com\/file\/d\/1gcGpMyJQEv-U3gFhQn37QWXpZ3-VfLdv\/view?usp=sharing\" target=\"_blank\" rel=\"noreferrer noopener\">Dokument<\/a><\/td><\/tr><tr><td>K\u00ebrkes\u00eb p\u00ebr ndryshim leje mjedisi ekologjik t\u00eb<br>integruar B<\/td><td><a href=\"https:\/\/drive.google.com\/file\/d\/1UyzjJ_xZAATYlHzruVlwwMF4qtAbORF7\/view?usp=sharing\" target=\"_blank\" rel=\"noreferrer noopener\">Dokument<\/a><\/td><\/tr><tr><td>K\u00ebrkes\u00eb p\u00ebr qasje p\u00ebr informacion nga ambienti jet\u00ebsor<\/td><td><a href=\"https:\/\/docs.google.com\/document\/d\/1zgrwkH5mMycylwWQdIwVqyLeljRvGfOH\/edit?usp=sharing&amp;ouid=102665039604104096198&amp;rtpof=true&amp;sd=true\" target=\"_blank\" rel=\"noreferrer noopener\">Dokument<\/a><\/td><\/tr><\/tbody><\/table><\/figure>\n\n\n\n<p>08:02:17,&nbsp;2021-12-01<\/p>\n\n\n\n<p>Shpallje p\u0451r B Leje Ekologjike DPTGU P\u00cbRPARIMI PAT f.\u00c7ellopek<\/p>\n\n\n\n<p>K\u0451rkes\u0451 p\u0451r B Leje Ekologjike DPTGU P\u00cbRPARIMI PAT f.\u00c7ellopek<\/p>\n\n\n\n<figure class=\"wp-block-table\"><table><thead><tr><th>TIP<\/th><th>Dokument<\/th><\/tr><\/thead><tbody><tr><td>PDF<\/td><td><a href=\"https:\/\/docs.google.com\/document\/d\/1FrRnrPNdSieDcikg1MqthOq1h6_9H0eg\/edit?usp=sharing&amp;ouid=102665039604104096198&amp;rtpof=true&amp;sd=true\" target=\"_blank\" rel=\"noreferrer noopener\">Shpallje<\/a><\/td><\/tr><tr><td>PDF<\/td><td><a href=\"https:\/\/docs.google.com\/document\/d\/1uH1_QxuWg1Hi7CMUOPo5bQgz7rS9jH1w\/edit?usp=sharing&amp;ouid=102665039604104096198&amp;rtpof=true&amp;sd=true\" target=\"_blank\" rel=\"noreferrer noopener\">K\u00ebrkes\u00eb<\/a><\/td><\/tr><\/tbody><\/table><\/figure>\n\n\n\n<hr class=\"wp-block-separator has-css-opacity\"\/>\n\n\n\n<p>12:49:27,&nbsp;2021-08-24<\/p>\n\n\n\n<p>B-leje ekologjike VK KOMPANI f.Bervenic\u00eb &#8211; ferma e derrave<\/p>\n\n\n\n<figure class=\"wp-block-table\"><table><thead><tr><th>\u0422IP<\/th><th>Dokument<\/th><\/tr><\/thead><tbody><tr><td>PDF<\/td><td><a href=\"https:\/\/drive.google.com\/file\/d\/1O6IOow9bmxDyO9D3pob1Fo8XixOLDYY_\/view?usp=sharing\" target=\"_blank\" rel=\"noreferrer noopener\">B-leje ekologjike VK KOMPANI<\/a><\/td><\/tr><\/tbody><\/table><\/figure>\n\n\n\n<hr class=\"wp-block-separator has-css-opacity\"\/>\n\n\n\n<p>11:05:35,&nbsp;2021-07-23<\/p>\n\n\n\n<p>Shpallje &#8211; Projekt &#8211; B \u2013 leje ekologjike t\u0451 integruar<\/p>\n\n\n\n<p>DRAFT B &#8211; Leje ekologjike e integruar<\/p>\n\n\n\n<figure class=\"wp-block-table\"><table><thead><tr><th>\u0422IP<\/th><th>Dokument<\/th><\/tr><\/thead><tbody><tr><td>PDF<\/td><td><a href=\"https:\/\/drive.google.com\/file\/d\/1_cvtxm0YFCrWpksatRMR6jrLUqiCE1f3\/view?usp=sharing\" target=\"_blank\" rel=\"noreferrer noopener\">Shpallje<\/a><\/td><\/tr><tr><td>PDF<\/td><td><a href=\"https:\/\/drive.google.com\/file\/d\/1uXTsSiYgsc58DmAFQaue8ivDenCr_QdZ\/view?usp=sharing\" target=\"_blank\" rel=\"noreferrer noopener\">Leje Ekologjike e integruar<\/a><\/td><\/tr><\/tbody><\/table><\/figure>\n\n\n\n<hr class=\"wp-block-separator has-css-opacity\"\/>\n\n\n\n<p>15:09:08,&nbsp;2021-06-29<\/p>\n\n\n\n<h3 class=\"wp-block-heading\" id=\"shpallja-e-kerkeses-per-ndryshimin-e-lejes-b-mjedisore-mic-cellopecko-f-bervenicekerkesa-per-ndryshimin-e-lejes-b-mjedisore-mic-cellopecko-f-bervenice\">Shpallja e k\u00ebrkes\u00ebs p\u00ebr ndryshimin e lejes B-mjedisore&nbsp;&#8220;MI\u00c7 \u00c7ELLOPE\u00c7KO&#8221; &#8211; f. B\u00ebrvenic\u00eb<br><br>K\u00ebrkesa p\u00ebr ndryshimin e lejes B-mjedisore &#8220;MI\u00c7 \u00c7ELLOPE\u00c7KO&#8221; &#8211; f. B\u00ebrvenic\u00eb<\/h3>\n\n\n\n<figure class=\"wp-block-table\"><table><thead><tr><th>\u0422IP<\/th><th>Dokument<\/th><\/tr><\/thead><tbody><tr><td>PDF<\/td><td><a href=\"https:\/\/drive.google.com\/file\/d\/1DHMYdnsrO-B6RtKxBD-GYpDoWYn4-vXj\/view?usp=sharing\" target=\"_blank\" rel=\"noreferrer noopener\">Shpallje<\/a><\/td><\/tr><tr><td>PDF<\/td><td><a href=\"https:\/\/drive.google.com\/file\/d\/1VRXbd1us4bcDUm2le0k2ghltNzuETS5L\/view?usp=sharing\" target=\"_blank\" rel=\"noreferrer noopener\">K\u00ebrkesa p\u00ebr ndryshim<\/a><\/td><\/tr><\/tbody><\/table><\/figure>\n\n\n\n<hr class=\"wp-block-separator has-css-opacity\"\/>\n\n\n\n<p>10:30:15,&nbsp;2021-05-28<\/p>\n\n\n\n<h3 class=\"wp-block-heading\" id=\"shpallje-per-kerkesen-per-marrjen-e-b-leje-e-integruar-mjedisore-nga-vk-kompani-dooel-f-bervenice-ferme-derrash\">Shpallje &#8211; p\u00ebr k\u00ebrkes\u00ebn p\u00ebr marrjen e &#8211; B Leje e integruar mjedisore nga &#8220;VK-KOMPANI DOOEL&#8221; f.B\u00ebrvenic\u00eb &#8211; ferm\u00eb derrash<\/h3>\n\n\n\n<h3 class=\"wp-block-heading\" id=\"kerkesa-per-leje-mjedisore-b-nga-vk-kompani-dooel-f-bervenice-ferme-derrash\">K\u00ebrkesa p\u00ebr leje mjedisore B nga &#8220;VK-KOMPANI DOOEL&#8221; f.B\u00ebrvenic\u00eb &#8211; ferm\u00eb derrash<\/h3>\n\n\n\n<figure class=\"wp-block-table\"><table><thead><tr><th>\u0422IP<\/th><th>Dokument<\/th><\/tr><\/thead><tbody><tr><td>PDF<\/td><td><a href=\"https:\/\/drive.google.com\/file\/d\/1IFNZASQT9kJuzWAx3TxkPszUn0DmtJ4d\/view?usp=sharing\" target=\"_blank\" rel=\"noreferrer noopener\">Shpallje<\/a><\/td><\/tr><tr><td>PDF<\/td><td><a href=\"https:\/\/drive.google.com\/file\/d\/17m0mC6i3QCImV9aWLbbm-kFdHKQs6us_\/view?usp=sharing\" target=\"_blank\" rel=\"noreferrer noopener\">K\u00ebrkesa p\u00ebr leje mjedisore<\/a><\/td><\/tr><\/tbody><\/table><\/figure>\n\n\n\n<hr class=\"wp-block-separator has-css-opacity\"\/>\n\n\n\n<p>13:40:39,&nbsp;2020-02-11<\/p>\n\n\n\n<h3 class=\"wp-block-heading\" id=\"shpallje-projekt-b-leje-ekologjike-t\u0451-integruar-per-mic-celopecko-f-b\u0451rvenic\u0451\">Shpallje &#8211; Projekt &#8211; B \u2013 leje ekologjike t\u0451 integruar p\u00ebr &#8220;MI\u00c7 \u00c7ELOPE\u00c7KO&#8221; f.B\u0451rvenic\u0451<\/h3>\n\n\n\n<h3 class=\"wp-block-heading\" id=\"leja-ekologjike-e-integruar-b-mic-cellopecko\">Leja ekologjike e integruar B &#8211; &#8220;MI\u00c7 \u00c7ELLOPE\u00c7KO&#8221;.<\/h3>\n\n\n\n<h3 class=\"wp-block-heading\" id=\"projekt-b-leje-ekologjike-t\u0451-integruar-per-mic-celopecko-f-b\u0451rvenic\u0451\">Projekt &#8211; B \u2013 leje ekologjike t\u0451 integruar p\u00ebr &#8220;MI\u00c7 \u00c7ELOPE\u00c7KO&#8221; f.B\u0451rvenic\u0451<\/h3>\n\n\n\n<figure class=\"wp-block-table\"><table><thead><tr><th>\u0422IP<\/th><th>Dokument<\/th><\/tr><\/thead><tbody><tr><td>PDF<\/td><td><a href=\"https:\/\/drive.google.com\/open?id=170Us-aIIulPzUgndBkFSxJUw79fECzj9\" target=\"_blank\" rel=\"noreferrer noopener\">Shpallje<\/a><\/td><\/tr><tr><td>PDF<\/td><td><a href=\"https:\/\/drive.google.com\/open?id=1HlmVqoqzLkicvpDndl2anyiKHomzX0s3\" target=\"_blank\" rel=\"noreferrer noopener\">Leje ekologjike<\/a><\/td><\/tr><tr><td>PDF<a href=\"https:\/\/drive.google.com\/open?id=1HlmVqoqzLkicvpDndl2anyiKHomzX0s3\" target=\"_blank\" rel=\"noreferrer noopener\"><\/a><\/td><td><a href=\"https:\/\/drive.google.com\/open?id=1JgtX7HDTc31LpN9SRRuNEC7ijvPuJ915\" target=\"_blank\" rel=\"noreferrer noopener\">Projekt &#8211; B -Leje ekologjike<\/a><\/td><\/tr><\/tbody><\/table><\/figure>\n\n\n\n<hr class=\"wp-block-separator has-css-opacity\"\/>\n\n\n\n<p>Udh\u00ebheq\u00ebs i seksionit: Slavica Todoroska<\/p>\n\n\n\n<p>E-mail adresa:&nbsp;<a href=\"mailto:slavica.todoroska@brvencia.gov.mk\" target=\"_blank\" rel=\"noreferrer noopener\">slavica.todoroska@brvenica.<wbr>gov.mk<\/a>&nbsp;<\/p>\n","protected":false},"excerpt":{"rendered":"<p>SEKSIONI P\u00cbR MBROJTJEN E AMBIENTIT JET\u00cbSOR Regjist\u00ebr i lejes B-ekologjike t\u00eb integruar Regjist\u00ebr p\u00ebr miratimin e elaboratit p\u00ebr mbrojtjen e mjedisit Dokument Dokument Formulare K\u00ebrkes\u00eb p\u00ebr miratimin e Elaboratit p\u00ebr mbrojtjen emjedisit jet\u00ebsor Dokument K\u00ebrkes\u00eb p\u00ebr dh\u00ebnie leje mjedisi ekologjik t\u00ebintegruar B Dokument K\u00ebrkes\u00eb p\u00ebr ndryshim leje mjedisi ekologjik t\u00ebintegruar B Dokument K\u00ebrkes\u00eb p\u00ebr qasje&hellip;&nbsp;<a href=\"https:\/\/brvenica.gov.mk\/al\/ambient-jetesor\/\" rel=\"bookmark\">Read More &raquo;<span class=\"screen-reader-text\">Ambienti Jet\u00ebsor<\/span><\/a><\/p>\n","protected":false},"author":2,"featured_media":0,"parent":0,"menu_order":0,"comment_status":"closed","ping_status":"closed","template":"","meta":{"neve_meta_sidebar":"","neve_meta_container":"","neve_meta_enable_content_width":"","neve_meta_content_width":0,"neve_meta_title_alignment":"","neve_meta_author_avatar":"","neve_post_elements_order":"","neve_meta_disable_header":"","neve_meta_disable_footer":"off","neve_meta_disable_title":"","_themeisle_gutenberg_block_has_review":false,"footnotes":""},"class_list":["post-671","page","type-page","status-publish","hentry"],"_links":{"self":[{"href":"https:\/\/brvenica.gov.mk\/al\/wp-json\/wp\/v2\/pages\/671","targetHints":{"allow":["GET"]}}],"collection":[{"href":"https:\/\/brvenica.gov.mk\/al\/wp-json\/wp\/v2\/pages"}],"about":[{"href":"https:\/\/brvenica.gov.mk\/al\/wp-json\/wp\/v2\/types\/page"}],"author":[{"embeddable":true,"href":"https:\/\/brvenica.gov.mk\/al\/wp-json\/wp\/v2\/users\/2"}],"replies":[{"embeddable":true,"href":"https:\/\/brvenica.gov.mk\/al\/wp-json\/wp\/v2\/comments?post=671"}],"version-history":[{"count":8,"href":"https:\/\/brvenica.gov.mk\/al\/wp-json\/wp\/v2\/pages\/671\/revisions"}],"predecessor-version":[{"id":3762,"href":"https:\/\/brvenica.gov.mk\/al\/wp-json\/wp\/v2\/pages\/671\/revisions\/3762"}],"wp:attachment":[{"href":"https:\/\/brvenica.gov.mk\/al\/wp-json\/wp\/v2\/media?parent=671"}],"curies":[{"name":"wp","href":"https:\/\/api.w.org\/{rel}","templated":true}]}}