{"id":703,"date":"2021-12-10T10:56:09","date_gmt":"2021-12-10T09:56:09","guid":{"rendered":"https:\/\/demo.virtus.mk\/?page_id=703"},"modified":"2022-02-02T18:00:50","modified_gmt":"2022-02-02T17:00:50","slug":"%d1%84%d0%be%d1%80%d1%83%d0%bc%d0%b8","status":"publish","type":"page","link":"https:\/\/brvenica.gov.mk\/al\/%d1%84%d0%be%d1%80%d1%83%d0%bc%d0%b8\/","title":{"rendered":"Forum"},"content":{"rendered":"\n<div class=\"wp-block-themeisle-blocks-advanced-columns has-1-columns has-desktop-equal-layout has-tablet-equal-layout has-mobile-equal-layout has-default-gap has-vertical-unset\" id=\"wp-block-themeisle-blocks-advanced-columns-b57338de\"><div class=\"wp-block-themeisle-blocks-advanced-columns-overlay\"><\/div><div class=\"innerblocks-wrap\">\n<div class=\"wp-block-themeisle-blocks-advanced-column\" id=\"wp-block-themeisle-blocks-advanced-column-13b54994\">\n<h2 class=\"wp-block-heading\" id=\"forume\">FORUME<\/h2>\n\n\n\n<hr class=\"wp-block-separator\"\/>\n\n\n\n<p>09:06:59,&nbsp;2021-05-25<\/p>\n\n\n\n<h3 class=\"wp-block-heading\" id=\"forumet-ne-bashkesi\"><strong>Forumet n\u00eb bashk\u00ebsi<\/strong><\/h3>\n\n\n\n<p><br>N\u00eb kuad\u00ebr t\u00eb Projektit &#8220;P\u00ebrmes lenteve t\u00eb grave: inicimi i politikave dhe iniciativave buxhetore, monitorimi i zbatimit t\u00eb planeve lokale t\u00eb veprimit p\u00ebr barazin\u00eb gjinore&#8221;.<\/p>\n\n\n\n<figure class=\"wp-block-image size-large\"><img loading=\"lazy\" decoding=\"async\" width=\"1024\" height=\"577\" src=\"https:\/\/demo.virtus.mk\/al\/wp-content\/uploads\/2021\/12\/image-1024x577.png\" alt=\"\" class=\"wp-image-717\" srcset=\"https:\/\/brvenica.gov.mk\/al\/wp-content\/uploads\/2021\/12\/image-1024x577.png 1024w, https:\/\/brvenica.gov.mk\/al\/wp-content\/uploads\/2021\/12\/image-300x169.png 300w, https:\/\/brvenica.gov.mk\/al\/wp-content\/uploads\/2021\/12\/image-768x433.png 768w, https:\/\/brvenica.gov.mk\/al\/wp-content\/uploads\/2021\/12\/image-1536x866.png 1536w, https:\/\/brvenica.gov.mk\/al\/wp-content\/uploads\/2021\/12\/image.png 1639w\" sizes=\"auto, (max-width: 1024px) 100vw, 1024px\" \/><\/figure>\n\n\n\n<p>Forumet e komunitetit do t\u00eb mund\u00ebsojn\u00eb p\u00ebrfshirjen e qytetar\u00ebve, ve\u00e7an\u00ebrisht t\u00eb grupeve t\u00eb synuara q\u00eb jan\u00eb fokusi kryesor i projektit n\u00eb m\u00ebnyr\u00eb q\u00eb t\u00eb sigurojn\u00eb kushte p\u00ebr p\u00ebrpar\u00ebsin\u00eb e programeve dhe projekteve.<br>Si dhe n\u00eb t\u00eb nj\u00ebjt\u00ebn koh\u00eb p\u00ebrmir\u00ebsimin e struktur\u00ebs s\u00eb programeve n\u00eb komunat ku zbatohet projekti. Forumi i Buxhetit u zgjodh si programi m\u00eb i p\u00ebrshtatsh\u00ebm.<br>N\u00ebn ndikimin e situat\u00ebs aktuale me Covid 19, forumet do t\u00eb mbahen n\u00eb internet n\u00eb 3 cikle &#8211; dmth tre takime prej 2 or\u00ebsh me t\u00eb nj\u00ebjtin grup qytetar\u00ebsh.<\/p>\n\n\n\n<p>N\u00eb komun\u00ebn e Brvenic\u00ebs, \u00ebsht\u00eb planifikuar pjes\u00ebmarrja e 40 qytetar\u00ebve n\u00eb forumin e komunitetit dhe do t\u00eb mbahet n\u00eb datat e m\u00ebposhtme:<\/p>\n\n\n\n<p>cikli I 28.05.2021 P\u00ebrcaktimi i problemeve dhe sfidave<br>Cikli II 31.05.2021 P\u00ebrcaktimi i zgjidhjeve t\u00eb propozuara<br>Cikli III 03.06.2021 Prezantimi i rezultateve dhe hapat e ardhsh\u00ebm<\/p>\n<\/div>\n<\/div><\/div>\n","protected":false},"excerpt":{"rendered":"","protected":false},"author":2,"featured_media":0,"parent":0,"menu_order":0,"comment_status":"closed","ping_status":"closed","template":"","meta":{"neve_meta_sidebar":"","neve_meta_container":"","neve_meta_enable_content_width":"","neve_meta_content_width":0,"neve_meta_title_alignment":"","neve_meta_author_avatar":"","neve_post_elements_order":"","neve_meta_disable_header":"","neve_meta_disable_footer":"off","neve_meta_disable_title":"","_themeisle_gutenberg_block_has_review":false,"footnotes":""},"class_list":["post-703","page","type-page","status-publish","hentry"],"_links":{"self":[{"href":"https:\/\/brvenica.gov.mk\/al\/wp-json\/wp\/v2\/pages\/703","targetHints":{"allow":["GET"]}}],"collection":[{"href":"https:\/\/brvenica.gov.mk\/al\/wp-json\/wp\/v2\/pages"}],"about":[{"href":"https:\/\/brvenica.gov.mk\/al\/wp-json\/wp\/v2\/types\/page"}],"author":[{"embeddable":true,"href":"https:\/\/brvenica.gov.mk\/al\/wp-json\/wp\/v2\/users\/2"}],"replies":[{"embeddable":true,"href":"https:\/\/brvenica.gov.mk\/al\/wp-json\/wp\/v2\/comments?post=703"}],"version-history":[{"count":3,"href":"https:\/\/brvenica.gov.mk\/al\/wp-json\/wp\/v2\/pages\/703\/revisions"}],"predecessor-version":[{"id":1199,"href":"https:\/\/brvenica.gov.mk\/al\/wp-json\/wp\/v2\/pages\/703\/revisions\/1199"}],"wp:attachment":[{"href":"https:\/\/brvenica.gov.mk\/al\/wp-json\/wp\/v2\/media?parent=703"}],"curies":[{"name":"wp","href":"https:\/\/api.w.org\/{rel}","templated":true}]}}