{"id":706,"date":"2021-12-10T10:57:21","date_gmt":"2021-12-10T09:57:21","guid":{"rendered":"https:\/\/demo.virtus.mk\/?page_id=706"},"modified":"2025-01-14T12:05:41","modified_gmt":"2025-01-14T11:05:41","slug":"cerdhe","status":"publish","type":"page","link":"https:\/\/brvenica.gov.mk\/al\/cerdhe\/","title":{"rendered":"\u00c7erdhe"},"content":{"rendered":"\n<h2 class=\"wp-block-heading\" id=\"cerdhja-sonce-dielli\"> IKP\u00c7F &#8220;SONCE &#8211; DIELLI&#8221;<\/h2>\n\n\n\n<hr class=\"wp-block-separator has-css-opacity\"\/>\n\n\n\n<p><\/p>\n\n\n\n<p><\/p>\n\n\n\n<h3 class=\"wp-block-heading\" id=\"informate-per-regjistrimin-e-femijeve-ne-institucionin-perkates\">Informat\u00eb p\u00ebr regjistrimin e f\u00ebmij\u00ebve n\u00eb institucionin p\u00ebrkat\u00ebs<\/h3>\n\n\n\n<h6 class=\"wp-block-heading\" id=\"regjistrimi-i-femijeve\"><a href=\"https:\/\/drive.google.com\/file\/d\/1LX1RFpoh0BolsTAj9Sm5l-TpMYacfMRS\/view?usp=sharing\" target=\"_blank\" rel=\"noreferrer noopener\">Udh\u00ebzim p\u00ebr regjistrimin e f\u00ebmij\u00ebve<\/a>&nbsp;<img loading=\"lazy\" decoding=\"async\" width=\"13\" height=\"13\" src=\"http:\/\/www.brvenica.gov.mk\/cms\/Upload\/Galerii\/PDF-Icon.png\"><\/h6>\n\n\n\n<figure class=\"wp-block-table\"><table><thead><tr><th>Dokument<\/th><\/tr><\/thead><tbody><tr><td><a href=\"https:\/\/docs.google.com\/document\/d\/1HK7BXYf81kG2IzUvkuRbOTghF5GVPmEP\/edit?usp=drive_link&amp;ouid=102665039604104096198&amp;rtpof=true&amp;sd=true\" data-type=\"link\" data-id=\"https:\/\/docs.google.com\/document\/d\/1HK7BXYf81kG2IzUvkuRbOTghF5GVPmEP\/edit?usp=drive_link&amp;ouid=102665039604104096198&amp;rtpof=true&amp;sd=true\" target=\"_blank\" rel=\"noreferrer noopener\">Aplikimi p\u00ebr regjistrim<\/a><a href=\"https:\/\/drive.google.com\/open?id=1636UmFyM0WfURLahyPElk17ltSeQd90c\" target=\"_blank\" rel=\"noreferrer noopener\"><\/a><\/td><\/tr><tr><td><a href=\"https:\/\/docs.google.com\/document\/d\/1wLL3Lbo4jhIK4XphI_NsBKQexDTmLi1U\/edit?usp=drive_link&amp;ouid=102665039604104096198&amp;rtpof=true&amp;sd=true\" data-type=\"link\" data-id=\"https:\/\/docs.google.com\/document\/d\/1wLL3Lbo4jhIK4XphI_NsBKQexDTmLi1U\/edit?usp=drive_link&amp;ouid=102665039604104096198&amp;rtpof=true&amp;sd=true\" target=\"_blank\" rel=\"noreferrer noopener\">Dokumentet e duhura p\u00ebr regjistrim<\/a><\/td><\/tr><tr><td><a href=\"https:\/\/docs.google.com\/document\/d\/14k68dZR4hcAjIsoAmpEODGLzXLyBMdkf\/edit?usp=drive_link&amp;ouid=102665039604104096198&amp;rtpof=true&amp;sd=true\" data-type=\"link\" data-id=\"https:\/\/docs.google.com\/document\/d\/14k68dZR4hcAjIsoAmpEODGLzXLyBMdkf\/edit?usp=drive_link&amp;ouid=102665039604104096198&amp;rtpof=true&amp;sd=true\" target=\"_blank\" rel=\"noreferrer noopener\">\u00c7regjistrimi i f\u00ebmij\u00ebs<\/a><br><a href=\"https:\/\/drive.google.com\/file\/d\/1rn8UllOUOWUp8d7o5nZEej7Wd3PnAfK8\/view?usp=sharing\" target=\"_blank\" rel=\"noreferrer noopener\"><\/a><\/td><\/tr><tr><td><a href=\"https:\/\/drive.google.com\/file\/d\/1w0ClA4sl2ZJ71xozaffBvzu3YaVEg-ES\/view?usp=sharing\" target=\"_blank\" rel=\"noreferrer noopener\">V\u00ebrtetim nga mjeku am\u00eb<\/a><a href=\"https:\/\/drive.google.com\/file\/d\/1rn8UllOUOWUp8d7o5nZEej7Wd3PnAfK8\/view?usp=sharing\" target=\"_blank\" rel=\"noreferrer noopener\"><\/a><\/td><\/tr><tr><td><a href=\"https:\/\/docs.google.com\/document\/d\/1ky-r6U3B-yiCRETdvTjepbmgDQyU6EE8\/edit?usp=sharing&amp;ouid=102665039604104096198&amp;rtpof=true&amp;sd=true\" data-type=\"link\" data-id=\"https:\/\/docs.google.com\/document\/d\/1ky-r6U3B-yiCRETdvTjepbmgDQyU6EE8\/edit?usp=sharing&amp;ouid=102665039604104096198&amp;rtpof=true&amp;sd=true\" target=\"_blank\" rel=\"noreferrer noopener\">Dosja e f\u00ebmij\u00ebs<\/a><br><a href=\"https:\/\/drive.google.com\/file\/d\/1rn8UllOUOWUp8d7o5nZEej7Wd3PnAfK8\/view?usp=sharing\" target=\"_blank\" rel=\"noreferrer noopener\"><\/a><\/td><\/tr><\/tbody><\/table><\/figure>\n\n\n\n<p><br><a href=\"https:\/\/drive.google.com\/file\/d\/1rn8UllOUOWUp8d7o5nZEej7Wd3PnAfK8\/view?usp=sharing\" target=\"_blank\" rel=\"noreferrer noopener\"><\/a><\/p>\n\n\n\n<p id=\"email-adresa-sonce-dielli-gmail-com\">Email adresa:&nbsp;<a href=\"mailto:sonce.dielli@gmail.com\">sonce.dielli@gmail.com<\/a>&nbsp;<\/p>\n\n\n\n<p><\/p>\n","protected":false},"excerpt":{"rendered":"<p>IKP\u00c7F &#8220;SONCE &#8211; DIELLI&#8221; Informat\u00eb p\u00ebr regjistrimin e f\u00ebmij\u00ebve n\u00eb institucionin p\u00ebrkat\u00ebs Udh\u00ebzim p\u00ebr regjistrimin e f\u00ebmij\u00ebve&nbsp; Dokument Aplikimi p\u00ebr regjistrim Dokumentet e duhura p\u00ebr regjistrim \u00c7regjistrimi i f\u00ebmij\u00ebs V\u00ebrtetim nga mjeku am\u00eb Dosja e f\u00ebmij\u00ebs Email adresa:&nbsp;sonce.dielli@gmail.com&nbsp;<\/p>\n","protected":false},"author":2,"featured_media":0,"parent":0,"menu_order":0,"comment_status":"closed","ping_status":"closed","template":"","meta":{"neve_meta_sidebar":"","neve_meta_container":"","neve_meta_enable_content_width":"","neve_meta_content_width":0,"neve_meta_title_alignment":"","neve_meta_author_avatar":"","neve_post_elements_order":"","neve_meta_disable_header":"","neve_meta_disable_footer":"off","neve_meta_disable_title":"","_themeisle_gutenberg_block_has_review":false,"footnotes":""},"class_list":["post-706","page","type-page","status-publish","hentry"],"_links":{"self":[{"href":"https:\/\/brvenica.gov.mk\/al\/wp-json\/wp\/v2\/pages\/706","targetHints":{"allow":["GET"]}}],"collection":[{"href":"https:\/\/brvenica.gov.mk\/al\/wp-json\/wp\/v2\/pages"}],"about":[{"href":"https:\/\/brvenica.gov.mk\/al\/wp-json\/wp\/v2\/types\/page"}],"author":[{"embeddable":true,"href":"https:\/\/brvenica.gov.mk\/al\/wp-json\/wp\/v2\/users\/2"}],"replies":[{"embeddable":true,"href":"https:\/\/brvenica.gov.mk\/al\/wp-json\/wp\/v2\/comments?post=706"}],"version-history":[{"count":10,"href":"https:\/\/brvenica.gov.mk\/al\/wp-json\/wp\/v2\/pages\/706\/revisions"}],"predecessor-version":[{"id":3424,"href":"https:\/\/brvenica.gov.mk\/al\/wp-json\/wp\/v2\/pages\/706\/revisions\/3424"}],"wp:attachment":[{"href":"https:\/\/brvenica.gov.mk\/al\/wp-json\/wp\/v2\/media?parent=706"}],"curies":[{"name":"wp","href":"https:\/\/api.w.org\/{rel}","templated":true}]}}